{"id":284,"date":"2023-03-28T13:59:26","date_gmt":"2023-03-28T17:59:26","guid":{"rendered":"https:\/\/gembawalk.local\/?page_id=284"},"modified":"2023-05-18T13:10:51","modified_gmt":"2023-05-18T17:10:51","slug":"plan-du-site","status":"publish","type":"page","link":"https:\/\/gemba.duoegpanel.com\/fr\/plan-du-site\/","title":{"rendered":"Plan du site"},"content":{"rendered":"<p><a href=\"\/\">Accueil<\/a><\/p>\n<p><a href=\"https:\/\/gemba.duoegpanel.com\/fr\/fonctionnalites\/\">Fonctionnalit\u00e9s<\/a><\/p>\n<p><a href=\"https:\/\/gemba.duoegpanel.com\/fr\/services-et-ressources\/\">Services et ressources<\/a><\/p>\n<p><a href=\"https:\/\/gemba.duoegpanel.com\/fr\/tarifs\/\">Tarifs<\/a><\/p>\n<p><a href=\"https:\/\/gemba.duoegpanel.com\/fr\/comment-demarrer\/\">Comment d\u00e9marrer ?<\/a><\/p>\n<p><a href=\"https:\/\/gemba.duoegpanel.com\/fr\/blog\/\">Blogue<\/a><\/p>\n<p><a href=\"https:\/\/gemba.duoegpanel.com\/fr\/contact\/\">Contact<\/a><\/p>\n<p><a href=\"https:\/\/gemba.duoegpanel.com\/fr\/politique-de-confidentialite\/\">Politique de confidentialit\u00e9<\/a><\/p>\n<p>&nbsp;<\/p>\n","protected":false},"excerpt":{"rendered":"<p>Accueil Fonctionnalit\u00e9s Services et ressources Tarifs Comment d\u00e9marrer ? Blogue Contact Politique de confidentialit\u00e9 &nbsp;<\/p>\n","protected":false},"author":9,"featured_media":0,"parent":0,"menu_order":0,"comment_status":"closed","ping_status":"closed","template":"","meta":{"_acf_changed":false,"content-type":"","om_disable_all_campaigns":false,"_monsterinsights_skip_tracking":false,"_monsterinsights_sitenote_active":false,"_monsterinsights_sitenote_note":"","_monsterinsights_sitenote_category":0,"footnotes":""},"acf":[],"aioseo_notices":[],"_links":{"self":[{"href":"https:\/\/gemba.duoegpanel.com\/fr\/wp-json\/wp\/v2\/pages\/284"}],"collection":[{"href":"https:\/\/gemba.duoegpanel.com\/fr\/wp-json\/wp\/v2\/pages"}],"about":[{"href":"https:\/\/gemba.duoegpanel.com\/fr\/wp-json\/wp\/v2\/types\/page"}],"author":[{"embeddable":true,"href":"https:\/\/gemba.duoegpanel.com\/fr\/wp-json\/wp\/v2\/users\/9"}],"replies":[{"embeddable":true,"href":"https:\/\/gemba.duoegpanel.com\/fr\/wp-json\/wp\/v2\/comments?post=284"}],"version-history":[{"count":1,"href":"https:\/\/gemba.duoegpanel.com\/fr\/wp-json\/wp\/v2\/pages\/284\/revisions"}],"predecessor-version":[{"id":4599,"href":"https:\/\/gemba.duoegpanel.com\/fr\/wp-json\/wp\/v2\/pages\/284\/revisions\/4599"}],"wp:attachment":[{"href":"https:\/\/gemba.duoegpanel.com\/fr\/wp-json\/wp\/v2\/media?parent=284"}],"curies":[{"name":"wp","href":"https:\/\/api.w.org\/{rel}","templated":true}]}}